{"id":2253,"date":"2020-02-24T13:40:16","date_gmt":"2020-02-24T13:40:16","guid":{"rendered":"http:\/\/couleurs-berberes.com\/booking\/"},"modified":"2025-02-20T11:35:14","modified_gmt":"2025-02-20T11:35:14","slug":"booking","status":"publish","type":"page","link":"https:\/\/couleurs-berberes.com\/en\/booking\/","title":{"rendered":"Booking"},"content":{"rendered":"\t\t<div data-elementor-type=\"wp-page\" data-elementor-id=\"2253\" class=\"elementor elementor-2253\" data-elementor-post-type=\"page\">\n\t\t\t\t\t\t<section class=\"elementor-section elementor-top-section elementor-element elementor-element-e8aeb2f elementor-section-boxed elementor-section-height-default elementor-section-height-default\" data-id=\"e8aeb2f\" data-element_type=\"section\" data-settings=\"{&quot;background_background&quot;:&quot;classic&quot;}\">\n\t\t\t\t\t\t<div class=\"elementor-container elementor-column-gap-default\">\n\t\t\t\t\t<div class=\"elementor-column elementor-col-100 elementor-top-column elementor-element elementor-element-6f0bebe\" data-id=\"6f0bebe\" data-element_type=\"column\">\n\t\t\t<div class=\"elementor-widget-wrap elementor-element-populated\">\n\t\t\t\t\t\t<div class=\"elementor-element elementor-element-d8b71ab elementor-widget elementor-widget-mphbe-search-form\" data-id=\"d8b71ab\" data-element_type=\"widget\" data-settings=\"{&quot;hide_labels&quot;:&quot;no&quot;,&quot;no_paddings&quot;:&quot;no&quot;,&quot;hide_tips&quot;:&quot;no&quot;,&quot;multiple_lines&quot;:&quot;no&quot;,&quot;stretch_btn&quot;:&quot;no&quot;}\" data-widget_type=\"mphbe-search-form.default\">\n\t\t\t\t<div class=\"elementor-widget-container\">\n\t\t\t\t\t<div class=\"mphb_sc_search-wrapper is-style-default \">\n<form method=\"GET\" class=\"mphb_sc_search-form\" action=\"https:\/\/couleurs-berberes.com\/en\/booking\/\" data-first_available_check_in_date=\"2026-04-11\">\n\n\t<p class = \"mphb-required-fields-tip\">\n\t<small>\n\t\tRequired fields are followed by\t\t<abbr title=\"required\">*<\/abbr>\n\t<\/small>\n<\/p>\n\n\t<p class=\"mphb_sc_search-check-in-date\">\n\t\t<label for=\"mphb_check_in_date-mphb-search-form-69d56c9a3ca50\">\n\t\t\tCheck-in\t\t\t<abbr title=\"Formatted as dd\/mm\/yyyy\">*<\/abbr>\n\t\t<\/label>\n\t\t<br \/>\n\t\t<input\n\t\t\tid=\"mphb_check_in_date-mphb-search-form-69d56c9a3ca50\"\n\t\t\tdata-datepick-group=\"mphb-search-form-69d56c9a3ca50\"\n\t\t\tvalue=\"\"\n\t\t\tplaceholder=\"Check-in Date\"\n\t\t\trequired=\"required\"\n\t\t\ttype=\"text\"\n\t\t\tinputmode=\"none\"\n\t\t\tname=\"mphb_check_in_date\"\n\t\t\tclass=\"mphb-datepick\"\n\t\t\tautocomplete=\"off\"\n\t\t\t\/>\n\t<\/p>\n\n\t<p class=\"mphb_sc_search-check-out-date\">\n\t\t<label for=\"mphb_check_out_date-mphb-search-form-69d56c9a3ca50\">\n\t\t\tCheck-out\t\t\t<abbr title=\"Formatted as dd\/mm\/yyyy\">*<\/abbr>\n\t\t<\/label>\n\t\t<br \/>\n\t\t<input\n\t\t\tid=\"mphb_check_out_date-mphb-search-form-69d56c9a3ca50\"\n\t\t\tdata-datepick-group=\"mphb-search-form-69d56c9a3ca50\"\n\t\t\tvalue=\"\"\n\t\t\tplaceholder=\"Check-out Date\"\n\t\t\trequired=\"required\"\n\t\t\ttype=\"text\"\n\t\t\tinputmode=\"none\"\n\t\t\tname=\"mphb_check_out_date\"\n\t\t\tclass=\"mphb-datepick\"\n\t\t\tautocomplete=\"off\"\n\t\t\t\/>\n\t<\/p>\n\n\t\t\t<p class=\"mphb_sc_search-adults\">\n\t\t\t<label for=\"mphb_adults-mphb-search-form-69d56c9a3ca50\">\n\t\t\t\tAdults\t\t\t<\/label>\n\t\t\t<br \/>\n\t\t\t<select id=\"mphb_adults-mphb-search-form-69d56c9a3ca50\" name=\"mphb_adults\" >\n\t\t\t\t\t\t\t\t\t<option value=\"1\" >1<\/option>\n\t\t\t\t\t\t\t\t\t<option value=\"2\"  selected='selected'>2<\/option>\n\t\t\t\t\t\t\t\t\t<option value=\"3\" >3<\/option>\n\t\t\t\t\t\t\t\t\t<option value=\"4\" >4<\/option>\n\t\t\t\t\t\t\t\t\t<option value=\"5\" >5<\/option>\n\t\t\t\t\t\t\t\t\t<option value=\"6\" >6<\/option>\n\t\t\t\t\t\t\t\t\t<option value=\"7\" >7<\/option>\n\t\t\t\t\t\t\t\t\t<option value=\"8\" >8<\/option>\n\t\t\t\t\t\t\t\t\t<option value=\"9\" >9<\/option>\n\t\t\t\t\t\t\t\t\t<option value=\"10\" >10<\/option>\n\t\t\t\t\t\t\t\t\t<option value=\"11\" >11<\/option>\n\t\t\t\t\t\t\t\t\t<option value=\"12\" >12<\/option>\n\t\t\t\t\t\t\t\t\t<option value=\"13\" >13<\/option>\n\t\t\t\t\t\t\t\t\t<option value=\"14\" >14<\/option>\n\t\t\t\t\t\t\t\t\t<option value=\"15\" >15<\/option>\n\t\t\t\t\t\t\t\t\t<option value=\"16\" >16<\/option>\n\t\t\t\t\t\t\t\t\t<option value=\"17\" >17<\/option>\n\t\t\t\t\t\t\t\t\t<option value=\"18\" >18<\/option>\n\t\t\t\t\t\t\t\t\t<option value=\"19\" >19<\/option>\n\t\t\t\t\t\t\t\t\t<option value=\"20\" >20<\/option>\n\t\t\t\t\t\t\t\t\t<option value=\"21\" >21<\/option>\n\t\t\t\t\t\t\t\t\t<option value=\"22\" >22<\/option>\n\t\t\t\t\t\t\t\t\t<option value=\"23\" >23<\/option>\n\t\t\t\t\t\t\t\t\t<option value=\"24\" >24<\/option>\n\t\t\t\t\t\t\t\t\t<option value=\"25\" >25<\/option>\n\t\t\t\t\t\t\t\t\t<option value=\"26\" >26<\/option>\n\t\t\t\t\t\t\t\t\t<option value=\"27\" >27<\/option>\n\t\t\t\t\t\t\t\t\t<option value=\"28\" >28<\/option>\n\t\t\t\t\t\t\t\t\t<option value=\"29\" >29<\/option>\n\t\t\t\t\t\t\t\t\t<option value=\"30\" >30<\/option>\n\t\t\t\t\t\t\t\t\t<option value=\"31\" >31<\/option>\n\t\t\t\t\t\t\t\t\t<option value=\"32\" >32<\/option>\n\t\t\t\t\t\t\t\t\t<option value=\"33\" >33<\/option>\n\t\t\t\t\t\t\t\t\t<option value=\"34\" >34<\/option>\n\t\t\t\t\t\t\t\t\t<option value=\"35\" >35<\/option>\n\t\t\t\t\t\t\t\t\t<option value=\"36\" >36<\/option>\n\t\t\t\t\t\t\t\t\t<option value=\"37\" >37<\/option>\n\t\t\t\t\t\t\t\t\t<option value=\"38\" >38<\/option>\n\t\t\t\t\t\t\t\t\t<option value=\"39\" >39<\/option>\n\t\t\t\t\t\t\t\t\t<option value=\"40\" >40<\/option>\n\t\t\t\t\t\t\t\t\t<option value=\"41\" >41<\/option>\n\t\t\t\t\t\t\t\t\t<option value=\"42\" >42<\/option>\n\t\t\t\t\t\t\t\t\t<option value=\"43\" >43<\/option>\n\t\t\t\t\t\t\t\t\t<option value=\"44\" >44<\/option>\n\t\t\t\t\t\t\t\t\t<option value=\"45\" >45<\/option>\n\t\t\t\t\t\t\t\t\t<option value=\"46\" >46<\/option>\n\t\t\t\t\t\t\t\t\t<option value=\"47\" >47<\/option>\n\t\t\t\t\t\t\t\t\t<option value=\"48\" >48<\/option>\n\t\t\t\t\t\t\t\t\t<option value=\"49\" >49<\/option>\n\t\t\t\t\t\t\t\t\t<option value=\"50\" >50<\/option>\n\t\t\t\t\t\t\t\t\t<option value=\"51\" >51<\/option>\n\t\t\t\t\t\t\t\t\t<option value=\"52\" >52<\/option>\n\t\t\t\t\t\t\t\t\t<option value=\"53\" >53<\/option>\n\t\t\t\t\t\t\t\t\t<option value=\"54\" >54<\/option>\n\t\t\t\t\t\t\t\t\t<option value=\"55\" >55<\/option>\n\t\t\t\t\t\t\t\t\t<option value=\"56\" >56<\/option>\n\t\t\t\t\t\t\t\t\t<option value=\"57\" >57<\/option>\n\t\t\t\t\t\t\t\t\t<option value=\"58\" >58<\/option>\n\t\t\t\t\t\t\t\t\t<option value=\"59\" >59<\/option>\n\t\t\t\t\t\t\t\t\t<option value=\"60\" >60<\/option>\n\t\t\t\t\t\t\t\t\t<option value=\"61\" >61<\/option>\n\t\t\t\t\t\t\t\t\t<option value=\"62\" >62<\/option>\n\t\t\t\t\t\t\t\t\t<option value=\"63\" >63<\/option>\n\t\t\t\t\t\t\t\t\t<option value=\"64\" >64<\/option>\n\t\t\t\t\t\t\t\t\t<option value=\"65\" >65<\/option>\n\t\t\t\t\t\t\t\t\t<option value=\"66\" >66<\/option>\n\t\t\t\t\t\t\t\t\t<option value=\"67\" >67<\/option>\n\t\t\t\t\t\t\t\t\t<option value=\"68\" >68<\/option>\n\t\t\t\t\t\t\t\t\t<option value=\"69\" >69<\/option>\n\t\t\t\t\t\t\t\t\t<option value=\"70\" >70<\/option>\n\t\t\t\t\t\t\t\t\t<option value=\"71\" >71<\/option>\n\t\t\t\t\t\t\t\t\t<option value=\"72\" >72<\/option>\n\t\t\t\t\t\t\t\t\t<option value=\"73\" >73<\/option>\n\t\t\t\t\t\t\t\t\t<option value=\"74\" >74<\/option>\n\t\t\t\t\t\t\t\t\t<option value=\"75\" >75<\/option>\n\t\t\t\t\t\t\t\t\t<option value=\"76\" >76<\/option>\n\t\t\t\t\t\t\t\t\t<option value=\"77\" >77<\/option>\n\t\t\t\t\t\t\t\t\t<option value=\"78\" >78<\/option>\n\t\t\t\t\t\t\t\t\t<option value=\"79\" >79<\/option>\n\t\t\t\t\t\t\t\t\t<option value=\"80\" >80<\/option>\n\t\t\t\t\t\t\t\t\t<option value=\"81\" >81<\/option>\n\t\t\t\t\t\t\t\t\t<option value=\"82\" >82<\/option>\n\t\t\t\t\t\t\t\t\t<option value=\"83\" >83<\/option>\n\t\t\t\t\t\t\t\t\t<option value=\"84\" >84<\/option>\n\t\t\t\t\t\t\t\t\t<option value=\"85\" >85<\/option>\n\t\t\t\t\t\t\t\t\t<option value=\"86\" >86<\/option>\n\t\t\t\t\t\t\t\t\t<option value=\"87\" >87<\/option>\n\t\t\t\t\t\t\t\t\t<option value=\"88\" >88<\/option>\n\t\t\t\t\t\t\t\t\t<option value=\"89\" >89<\/option>\n\t\t\t\t\t\t\t\t\t<option value=\"90\" >90<\/option>\n\t\t\t\t\t\t\t\t\t<option value=\"91\" >91<\/option>\n\t\t\t\t\t\t\t\t\t<option value=\"92\" >92<\/option>\n\t\t\t\t\t\t\t\t\t<option value=\"93\" >93<\/option>\n\t\t\t\t\t\t\t\t\t<option value=\"94\" >94<\/option>\n\t\t\t\t\t\t\t\t\t<option value=\"95\" >95<\/option>\n\t\t\t\t\t\t\t\t\t<option value=\"96\" >96<\/option>\n\t\t\t\t\t\t\t\t\t<option value=\"97\" >97<\/option>\n\t\t\t\t\t\t\t\t\t<option value=\"98\" >98<\/option>\n\t\t\t\t\t\t\t\t\t<option value=\"99\" >99<\/option>\n\t\t\t\t\t\t\t\t\t<option value=\"100\" >100<\/option>\n\t\t\t\t\t\t\t<\/select>\n\t\t<\/p>\n\t\n\t\t\t<p class=\"mphb_sc_search-children\">\n\t\t\t<label for=\"mphb_children-mphb-search-form-69d56c9a3ca50\">\n\t\t\t\tChildren &lt;12 ans\t\t\t<\/label>\n\t\t\t<br \/>\n\t\t\t<select id=\"mphb_children-mphb-search-form-69d56c9a3ca50\" name=\"mphb_children\">\n\t\t\t\t\t\t\t\t\t<option value=\"0\" >0<\/option>\n\t\t\t\t\t\t\t\t\t<option value=\"1\"  selected='selected'>1<\/option>\n\t\t\t\t\t\t\t\t\t<option value=\"2\" >2<\/option>\n\t\t\t\t\t\t\t\t\t<option value=\"3\" >3<\/option>\n\t\t\t\t\t\t\t\t\t<option value=\"4\" >4<\/option>\n\t\t\t\t\t\t\t\t\t<option value=\"5\" >5<\/option>\n\t\t\t\t\t\t\t\t\t<option value=\"6\" >6<\/option>\n\t\t\t\t\t\t\t\t\t<option value=\"7\" >7<\/option>\n\t\t\t\t\t\t\t\t\t<option value=\"8\" >8<\/option>\n\t\t\t\t\t\t\t\t\t<option value=\"9\" >9<\/option>\n\t\t\t\t\t\t\t\t\t<option value=\"10\" >10<\/option>\n\t\t\t\t\t\t\t\t\t<option value=\"11\" >11<\/option>\n\t\t\t\t\t\t\t\t\t<option value=\"12\" >12<\/option>\n\t\t\t\t\t\t\t\t\t<option value=\"13\" >13<\/option>\n\t\t\t\t\t\t\t\t\t<option value=\"14\" >14<\/option>\n\t\t\t\t\t\t\t\t\t<option value=\"15\" >15<\/option>\n\t\t\t\t\t\t\t\t\t<option value=\"16\" >16<\/option>\n\t\t\t\t\t\t\t\t\t<option value=\"17\" >17<\/option>\n\t\t\t\t\t\t\t\t\t<option value=\"18\" >18<\/option>\n\t\t\t\t\t\t\t\t\t<option value=\"19\" >19<\/option>\n\t\t\t\t\t\t\t\t\t<option value=\"20\" >20<\/option>\n\t\t\t\t\t\t\t\t\t<option value=\"21\" >21<\/option>\n\t\t\t\t\t\t\t\t\t<option value=\"22\" >22<\/option>\n\t\t\t\t\t\t\t\t\t<option value=\"23\" >23<\/option>\n\t\t\t\t\t\t\t\t\t<option value=\"24\" >24<\/option>\n\t\t\t\t\t\t\t\t\t<option value=\"25\" >25<\/option>\n\t\t\t\t\t\t\t\t\t<option value=\"26\" >26<\/option>\n\t\t\t\t\t\t\t\t\t<option value=\"27\" >27<\/option>\n\t\t\t\t\t\t\t\t\t<option value=\"28\" >28<\/option>\n\t\t\t\t\t\t\t\t\t<option value=\"29\" >29<\/option>\n\t\t\t\t\t\t\t\t\t<option value=\"30\" >30<\/option>\n\t\t\t\t\t\t\t\t\t<option value=\"31\" >31<\/option>\n\t\t\t\t\t\t\t\t\t<option value=\"32\" >32<\/option>\n\t\t\t\t\t\t\t\t\t<option value=\"33\" >33<\/option>\n\t\t\t\t\t\t\t\t\t<option value=\"34\" >34<\/option>\n\t\t\t\t\t\t\t\t\t<option value=\"35\" >35<\/option>\n\t\t\t\t\t\t\t\t\t<option value=\"36\" >36<\/option>\n\t\t\t\t\t\t\t\t\t<option value=\"37\" >37<\/option>\n\t\t\t\t\t\t\t\t\t<option value=\"38\" >38<\/option>\n\t\t\t\t\t\t\t\t\t<option value=\"39\" >39<\/option>\n\t\t\t\t\t\t\t\t\t<option value=\"40\" >40<\/option>\n\t\t\t\t\t\t\t\t\t<option value=\"41\" >41<\/option>\n\t\t\t\t\t\t\t\t\t<option value=\"42\" >42<\/option>\n\t\t\t\t\t\t\t\t\t<option value=\"43\" >43<\/option>\n\t\t\t\t\t\t\t\t\t<option value=\"44\" >44<\/option>\n\t\t\t\t\t\t\t\t\t<option value=\"45\" >45<\/option>\n\t\t\t\t\t\t\t\t\t<option value=\"46\" >46<\/option>\n\t\t\t\t\t\t\t\t\t<option value=\"47\" >47<\/option>\n\t\t\t\t\t\t\t\t\t<option value=\"48\" >48<\/option>\n\t\t\t\t\t\t\t\t\t<option value=\"49\" >49<\/option>\n\t\t\t\t\t\t\t\t\t<option value=\"50\" >50<\/option>\n\t\t\t\t\t\t\t\t\t<option value=\"51\" >51<\/option>\n\t\t\t\t\t\t\t\t\t<option value=\"52\" >52<\/option>\n\t\t\t\t\t\t\t\t\t<option value=\"53\" >53<\/option>\n\t\t\t\t\t\t\t\t\t<option value=\"54\" >54<\/option>\n\t\t\t\t\t\t\t\t\t<option value=\"55\" >55<\/option>\n\t\t\t\t\t\t\t\t\t<option value=\"56\" >56<\/option>\n\t\t\t\t\t\t\t\t\t<option value=\"57\" >57<\/option>\n\t\t\t\t\t\t\t\t\t<option value=\"58\" >58<\/option>\n\t\t\t\t\t\t\t\t\t<option value=\"59\" >59<\/option>\n\t\t\t\t\t\t\t\t\t<option value=\"60\" >60<\/option>\n\t\t\t\t\t\t\t\t\t<option value=\"61\" >61<\/option>\n\t\t\t\t\t\t\t\t\t<option value=\"62\" >62<\/option>\n\t\t\t\t\t\t\t\t\t<option value=\"63\" >63<\/option>\n\t\t\t\t\t\t\t\t\t<option value=\"64\" >64<\/option>\n\t\t\t\t\t\t\t\t\t<option value=\"65\" >65<\/option>\n\t\t\t\t\t\t\t\t\t<option value=\"66\" >66<\/option>\n\t\t\t\t\t\t\t\t\t<option value=\"67\" >67<\/option>\n\t\t\t\t\t\t\t\t\t<option value=\"68\" >68<\/option>\n\t\t\t\t\t\t\t\t\t<option value=\"69\" >69<\/option>\n\t\t\t\t\t\t\t\t\t<option value=\"70\" >70<\/option>\n\t\t\t\t\t\t\t\t\t<option value=\"71\" >71<\/option>\n\t\t\t\t\t\t\t\t\t<option value=\"72\" >72<\/option>\n\t\t\t\t\t\t\t\t\t<option value=\"73\" >73<\/option>\n\t\t\t\t\t\t\t\t\t<option value=\"74\" >74<\/option>\n\t\t\t\t\t\t\t\t\t<option value=\"75\" >75<\/option>\n\t\t\t\t\t\t\t\t\t<option value=\"76\" >76<\/option>\n\t\t\t\t\t\t\t\t\t<option value=\"77\" >77<\/option>\n\t\t\t\t\t\t\t\t\t<option value=\"78\" >78<\/option>\n\t\t\t\t\t\t\t\t\t<option value=\"79\" >79<\/option>\n\t\t\t\t\t\t\t\t\t<option value=\"80\" >80<\/option>\n\t\t\t\t\t\t\t\t\t<option value=\"81\" >81<\/option>\n\t\t\t\t\t\t\t\t\t<option value=\"82\" >82<\/option>\n\t\t\t\t\t\t\t\t\t<option value=\"83\" >83<\/option>\n\t\t\t\t\t\t\t\t\t<option value=\"84\" >84<\/option>\n\t\t\t\t\t\t\t\t\t<option value=\"85\" >85<\/option>\n\t\t\t\t\t\t\t\t\t<option value=\"86\" >86<\/option>\n\t\t\t\t\t\t\t\t\t<option value=\"87\" >87<\/option>\n\t\t\t\t\t\t\t\t\t<option value=\"88\" >88<\/option>\n\t\t\t\t\t\t\t\t\t<option value=\"89\" >89<\/option>\n\t\t\t\t\t\t\t\t\t<option value=\"90\" >90<\/option>\n\t\t\t\t\t\t\t\t\t<option value=\"91\" >91<\/option>\n\t\t\t\t\t\t\t\t\t<option value=\"92\" >92<\/option>\n\t\t\t\t\t\t\t\t\t<option value=\"93\" >93<\/option>\n\t\t\t\t\t\t\t\t\t<option value=\"94\" >94<\/option>\n\t\t\t\t\t\t\t\t\t<option value=\"95\" >95<\/option>\n\t\t\t\t\t\t\t\t\t<option value=\"96\" >96<\/option>\n\t\t\t\t\t\t\t\t\t<option value=\"97\" >97<\/option>\n\t\t\t\t\t\t\t\t\t<option value=\"98\" >98<\/option>\n\t\t\t\t\t\t\t\t\t<option value=\"99\" >99<\/option>\n\t\t\t\t\t\t\t\t\t<option value=\"100\" >100<\/option>\n\t\t\t\t\t\t\t<\/select>\n\t\t<\/p>\n\t\n\t\n\t\n\t<input id=\"mphb_check_in_date-mphb-search-form-69d56c9a3ca50-hidden\" value=\"\" type=\"hidden\" name=\"mphb_check_in_date\" \/><input id=\"mphb_check_out_date-mphb-search-form-69d56c9a3ca50-hidden\" value=\"\" type=\"hidden\" name=\"mphb_check_out_date\" \/>\n\t<p class=\"mphb_sc_search-submit-button-wrapper\">\n\t\t<input type=\"submit\" class=\"button\" value=\"Search\"\/>\n\t<\/p>\n\n\t\n<\/form>\n<\/div>\t\t\t\t<\/div>\n\t\t\t\t<\/div>\n\t\t\t\t\t<\/div>\n\t\t<\/div>\n\t\t\t\t\t<\/div>\n\t\t<\/section>\n\t\t\t\t<section class=\"elementor-section elementor-top-section elementor-element elementor-element-461f560 elementor-section-boxed elementor-section-height-default elementor-section-height-default\" data-id=\"461f560\" data-element_type=\"section\" data-settings=\"{&quot;background_background&quot;:&quot;classic&quot;}\">\n\t\t\t\t\t\t<div class=\"elementor-container elementor-column-gap-default\">\n\t\t\t\t\t<div class=\"elementor-column elementor-col-100 elementor-top-column elementor-element elementor-element-a58caa1\" data-id=\"a58caa1\" data-element_type=\"column\">\n\t\t\t<div class=\"elementor-widget-wrap elementor-element-populated\">\n\t\t\t\t\t\t<div class=\"elementor-element elementor-element-bd41659 elementor-widget elementor-widget-mphbe-search-results\" data-id=\"bd41659\" data-element_type=\"widget\" data-widget_type=\"mphbe-search-results.default\">\n\t\t\t\t<div class=\"elementor-widget-container\">\n\t\t\t\t\t<div class=\"mphb_sc_search_results-wrapper \"><div class=\"mphb-errors-wrapper\">\n\t<\/div>\n<\/div>\t\t\t\t<\/div>\n\t\t\t\t<\/div>\n\t\t\t\t\t<\/div>\n\t\t<\/div>\n\t\t\t\t\t<\/div>\n\t\t<\/section>\n\t\t\t\t<\/div>\n\t\t","protected":false},"excerpt":{"rendered":"<p>Les champs obligatoires sont suivis de * Arriv\u00e9e * D\u00e9part * Adultes 123456789101112131415161718192021222324252627282930313233343536373839404142434445464748495051525354555657585960616263646566676869707172737475767778798081828384858687888990919293949596979899100 Enfants &lt;12 ans 0123456789101112131415161718192021222324252627282930313233343536373839404142434445464748495051525354555657585960616263646566676869707172737475767778798081828384858687888990919293949596979899100<\/p>\n","protected":false},"author":1,"featured_media":0,"parent":0,"menu_order":0,"comment_status":"closed","ping_status":"closed","template":"","meta":{"om_disable_all_campaigns":false,"_monsterinsights_skip_tracking":false,"_monsterinsights_sitenote_active":false,"_monsterinsights_sitenote_note":"","_monsterinsights_sitenote_category":0,"_uf_show_specific_survey":0,"_uf_disable_surveys":false,"site-sidebar-layout":"no-sidebar","site-content-layout":"page-builder","ast-global-header-display":"","ast-banner-title-visibility":"","ast-main-header-display":"","ast-hfb-above-header-display":"","ast-hfb-below-header-display":"","ast-hfb-mobile-header-display":"","site-post-title":"disabled","ast-breadcrumbs-content":"","ast-featured-img":"disabled","footer-sml-layout":"","theme-transparent-header-meta":"disabled","adv-header-id-meta":"","stick-header-meta":"","header-above-stick-meta":"","header-main-stick-meta":"","header-below-stick-meta":"","footnotes":""},"class_list":["post-2253","page","type-page","status-publish","hentry"],"yoast_head":"<!-- This site is optimized with the Yoast SEO plugin v20.3 - https:\/\/yoast.com\/wordpress\/plugins\/seo\/ -->\n<title>Booking - Couleurs Berb\u00e8res<\/title>\n<meta name=\"robots\" content=\"index, follow, max-snippet:-1, max-image-preview:large, max-video-preview:-1\" \/>\n<link rel=\"canonical\" href=\"https:\/\/couleurs-berberes.com\/en\/booking\/\" \/>\n<meta property=\"og:locale\" content=\"en_US\" \/>\n<meta property=\"og:type\" content=\"article\" \/>\n<meta property=\"og:title\" content=\"Booking - Couleurs Berb\u00e8res\" \/>\n<meta property=\"og:description\" content=\"Les champs obligatoires sont suivis de * Arriv\u00e9e * D\u00e9part * Adultes 123456789101112131415161718192021222324252627282930313233343536373839404142434445464748495051525354555657585960616263646566676869707172737475767778798081828384858687888990919293949596979899100 Enfants &lt;12 ans 0123456789101112131415161718192021222324252627282930313233343536373839404142434445464748495051525354555657585960616263646566676869707172737475767778798081828384858687888990919293949596979899100\" \/>\n<meta property=\"og:url\" content=\"https:\/\/couleurs-berberes.com\/en\/booking\/\" \/>\n<meta property=\"og:site_name\" content=\"Couleurs Berb\u00e8res\" \/>\n<meta property=\"article:publisher\" content=\"https:\/\/www.facebook.com\/lescouleursberberes\" \/>\n<meta property=\"article:modified_time\" content=\"2025-02-20T11:35:14+00:00\" \/>\n<meta name=\"twitter:card\" content=\"summary_large_image\" \/>\n<meta name=\"twitter:label1\" content=\"Est. reading time\" \/>\n\t<meta name=\"twitter:data1\" content=\"2 minutes\" \/>\n<script type=\"application\/ld+json\" class=\"yoast-schema-graph\">{\"@context\":\"https:\/\/schema.org\",\"@graph\":[{\"@type\":\"WebPage\",\"@id\":\"https:\/\/couleurs-berberes.com\/en\/booking\/\",\"url\":\"https:\/\/couleurs-berberes.com\/en\/booking\/\",\"name\":\"Booking - Couleurs Berb\u00e8res\",\"isPartOf\":{\"@id\":\"https:\/\/couleurs-berberes.com\/#website\"},\"datePublished\":\"2020-02-24T13:40:16+00:00\",\"dateModified\":\"2025-02-20T11:35:14+00:00\",\"breadcrumb\":{\"@id\":\"https:\/\/couleurs-berberes.com\/en\/booking\/#breadcrumb\"},\"inLanguage\":\"en-US\",\"potentialAction\":[{\"@type\":\"ReadAction\",\"target\":[\"https:\/\/couleurs-berberes.com\/en\/booking\/\"]}]},{\"@type\":\"BreadcrumbList\",\"@id\":\"https:\/\/couleurs-berberes.com\/en\/booking\/#breadcrumb\",\"itemListElement\":[{\"@type\":\"ListItem\",\"position\":1,\"name\":\"Accueil\",\"item\":\"https:\/\/couleurs-berberes.com\/en\/\"},{\"@type\":\"ListItem\",\"position\":2,\"name\":\"Booking\"}]},{\"@type\":\"WebSite\",\"@id\":\"https:\/\/couleurs-berberes.com\/#website\",\"url\":\"https:\/\/couleurs-berberes.com\/\",\"name\":\"Couleurs Berb\u00e8res\",\"description\":\"Le Bivouac Autrement\",\"publisher\":{\"@id\":\"https:\/\/couleurs-berberes.com\/#organization\"},\"potentialAction\":[{\"@type\":\"SearchAction\",\"target\":{\"@type\":\"EntryPoint\",\"urlTemplate\":\"https:\/\/couleurs-berberes.com\/?s={search_term_string}\"},\"query-input\":\"required name=search_term_string\"}],\"inLanguage\":\"en-US\"},{\"@type\":\"Organization\",\"@id\":\"https:\/\/couleurs-berberes.com\/#organization\",\"name\":\"Couleurs Berb\u00e8res\",\"url\":\"https:\/\/couleurs-berberes.com\/\",\"logo\":{\"@type\":\"ImageObject\",\"inLanguage\":\"en-US\",\"@id\":\"https:\/\/couleurs-berberes.com\/#\/schema\/logo\/image\/\",\"url\":\"https:\/\/couleurs-berberes.com\/wp-content\/uploads\/2020\/02\/cropped-Trip-Advisor-scaled-1.jpg\",\"contentUrl\":\"https:\/\/couleurs-berberes.com\/wp-content\/uploads\/2020\/02\/cropped-Trip-Advisor-scaled-1.jpg\",\"width\":512,\"height\":512,\"caption\":\"Couleurs Berb\u00e8res\"},\"image\":{\"@id\":\"https:\/\/couleurs-berberes.com\/#\/schema\/logo\/image\/\"},\"sameAs\":[\"https:\/\/www.facebook.com\/lescouleursberberes\",\"https:\/\/www.instagram.com\/couleursberberes\/\"]}]}<\/script>\n<!-- \/ Yoast SEO plugin. -->","yoast_head_json":{"title":"Booking - Couleurs Berb\u00e8res","robots":{"index":"index","follow":"follow","max-snippet":"max-snippet:-1","max-image-preview":"max-image-preview:large","max-video-preview":"max-video-preview:-1"},"canonical":"https:\/\/couleurs-berberes.com\/en\/booking\/","og_locale":"en_US","og_type":"article","og_title":"Booking - Couleurs Berb\u00e8res","og_description":"Les champs obligatoires sont suivis de * Arriv\u00e9e * D\u00e9part * Adultes 123456789101112131415161718192021222324252627282930313233343536373839404142434445464748495051525354555657585960616263646566676869707172737475767778798081828384858687888990919293949596979899100 Enfants &lt;12 ans 0123456789101112131415161718192021222324252627282930313233343536373839404142434445464748495051525354555657585960616263646566676869707172737475767778798081828384858687888990919293949596979899100","og_url":"https:\/\/couleurs-berberes.com\/en\/booking\/","og_site_name":"Couleurs Berb\u00e8res","article_publisher":"https:\/\/www.facebook.com\/lescouleursberberes","article_modified_time":"2025-02-20T11:35:14+00:00","twitter_card":"summary_large_image","twitter_misc":{"Est. reading time":"2 minutes"},"schema":{"@context":"https:\/\/schema.org","@graph":[{"@type":"WebPage","@id":"https:\/\/couleurs-berberes.com\/en\/booking\/","url":"https:\/\/couleurs-berberes.com\/en\/booking\/","name":"Booking - Couleurs Berb\u00e8res","isPartOf":{"@id":"https:\/\/couleurs-berberes.com\/#website"},"datePublished":"2020-02-24T13:40:16+00:00","dateModified":"2025-02-20T11:35:14+00:00","breadcrumb":{"@id":"https:\/\/couleurs-berberes.com\/en\/booking\/#breadcrumb"},"inLanguage":"en-US","potentialAction":[{"@type":"ReadAction","target":["https:\/\/couleurs-berberes.com\/en\/booking\/"]}]},{"@type":"BreadcrumbList","@id":"https:\/\/couleurs-berberes.com\/en\/booking\/#breadcrumb","itemListElement":[{"@type":"ListItem","position":1,"name":"Accueil","item":"https:\/\/couleurs-berberes.com\/en\/"},{"@type":"ListItem","position":2,"name":"Booking"}]},{"@type":"WebSite","@id":"https:\/\/couleurs-berberes.com\/#website","url":"https:\/\/couleurs-berberes.com\/","name":"Couleurs Berb\u00e8res","description":"Le Bivouac Autrement","publisher":{"@id":"https:\/\/couleurs-berberes.com\/#organization"},"potentialAction":[{"@type":"SearchAction","target":{"@type":"EntryPoint","urlTemplate":"https:\/\/couleurs-berberes.com\/?s={search_term_string}"},"query-input":"required name=search_term_string"}],"inLanguage":"en-US"},{"@type":"Organization","@id":"https:\/\/couleurs-berberes.com\/#organization","name":"Couleurs Berb\u00e8res","url":"https:\/\/couleurs-berberes.com\/","logo":{"@type":"ImageObject","inLanguage":"en-US","@id":"https:\/\/couleurs-berberes.com\/#\/schema\/logo\/image\/","url":"https:\/\/couleurs-berberes.com\/wp-content\/uploads\/2020\/02\/cropped-Trip-Advisor-scaled-1.jpg","contentUrl":"https:\/\/couleurs-berberes.com\/wp-content\/uploads\/2020\/02\/cropped-Trip-Advisor-scaled-1.jpg","width":512,"height":512,"caption":"Couleurs Berb\u00e8res"},"image":{"@id":"https:\/\/couleurs-berberes.com\/#\/schema\/logo\/image\/"},"sameAs":["https:\/\/www.facebook.com\/lescouleursberberes","https:\/\/www.instagram.com\/couleursberberes\/"]}]}},"_links":{"self":[{"href":"https:\/\/couleurs-berberes.com\/en\/wp-json\/wp\/v2\/pages\/2253","targetHints":{"allow":["GET"]}}],"collection":[{"href":"https:\/\/couleurs-berberes.com\/en\/wp-json\/wp\/v2\/pages"}],"about":[{"href":"https:\/\/couleurs-berberes.com\/en\/wp-json\/wp\/v2\/types\/page"}],"author":[{"embeddable":true,"href":"https:\/\/couleurs-berberes.com\/en\/wp-json\/wp\/v2\/users\/1"}],"replies":[{"embeddable":true,"href":"https:\/\/couleurs-berberes.com\/en\/wp-json\/wp\/v2\/comments?post=2253"}],"version-history":[{"count":12,"href":"https:\/\/couleurs-berberes.com\/en\/wp-json\/wp\/v2\/pages\/2253\/revisions"}],"predecessor-version":[{"id":7261,"href":"https:\/\/couleurs-berberes.com\/en\/wp-json\/wp\/v2\/pages\/2253\/revisions\/7261"}],"wp:attachment":[{"href":"https:\/\/couleurs-berberes.com\/en\/wp-json\/wp\/v2\/media?parent=2253"}],"curies":[{"name":"wp","href":"https:\/\/api.w.org\/{rel}","templated":true}]}}